{"id":2,"date":"2016-05-10T03:48:21","date_gmt":"2016-05-10T03:48:21","guid":{"rendered":"http:\/\/fotoblog.marc-h.de\/?page_id=2"},"modified":"2020-03-24T11:15:39","modified_gmt":"2020-03-24T11:15:39","slug":"sample-page","status":"publish","type":"page","link":"https:\/\/www.marc-h.de\/?page_id=2","title":{"rendered":"Impressum und Datenschutzerkl\u00e4rung"},"content":{"rendered":"<div class=\"ce_text first block\">\n<p>Die\u00a0Datenschutzerkl\u00e4rung finden Sie hier: <a href=\"https:\/\/de.wordpress.org\/about\/privacy\/\" target=\"_blank\" rel=\"noopener noreferrer\">https:\/\/de.wordpress.org\/about\/privacy\/<\/a><\/p>\n<\/div>\n<div class=\"ce_text last block\">\n<p>Malteserleite 24<br \/>92224 Amberg<\/p>\n<p><strong>Tel:<\/strong>\u00a009621\/762843<br \/><strong>E-Mail:<\/strong>\u00a0<a title=\"\" href=\"mailto:shelties@t-online.de\" target=\"_blank\" rel=\"noopener noreferrer\">shelties@t-online.de<\/a><\/p>\n<\/div>\n\n\n<h3 class=\"wp-block-heading\">HAFTUNGSAUSSCHLUSS UND NUTZUNGSBEDINGUNGEN<\/h3>\n\n\n\n<p><em>Hr. Hoffmann verwendet die erforderliche Sorgfalt, um die Informationen korrekt und auf dem neuesten Stand zu halten. Alle Angebote sind unverbindlich und Irrt\u00fcmer vorbehalten. Haftungsanspr\u00fcche gegen den Betreiber dieser Homepage, welche sich auf Sch\u00e4den materieller oder ideeller Art beziehen, die durch die Nutzung oder Nichtnutzung der dargebotenen Informationen bzw. durch die Nutzung fehlerhafter und unvollst\u00e4ndiger Informationen verursacht wurden, sind grunds\u00e4tzlich ausgeschlossen.<br>Unber\u00fchrt bleiben in jedem Falle die gesetzlich manifestierten Verbraucherschutzrechte von Privatpersonen.<\/em><\/p>\n\n\n\n<p>Hr. Hoffmann beh\u00e4lt es sich ausdr\u00fccklich vor, Teile der Seiten oder das gesamte Angebot ohne gesonderte Ank\u00fcndigung zu ver\u00e4ndern, zu erg\u00e4nzen, zu l\u00f6schen oder die Ver\u00f6ffentlichung zeitweise oder endg\u00fcltig einzustellen.<\/p>\n\n\n\n<p>Bei direkten oder indirekten Verweisen auf fremde Internetseiten (&#8222;Links&#8220;) w\u00c3\u00bcrde eine Haftungsverpflichtung ausschlie\u00c3\u0178lich in dem Fall in Kraft treten, in dem der Autor von den Inhalten Kenntnis hat und es ihm technisch m\u00c3\u00b6glich und zumutbar w\u00c3\u00a4re, die Nutzung im Falle rechtswidriger Inhalte zu verhindern. Hr. Hofmann ist jedoch nicht in der Lage, alle Internetseiten, die \u00c3\u00bcber Hyperlinks mit seinen Seiten in Verbindung gebracht werden k\u00c3\u00b6nnen, zu pr\u00c3\u00bcfen.<\/p>\n\n\n\n<p>Der Betreiber erkl\u00c3\u00a4rt daher ausdr\u00c3\u00bccklich, dass zum Zeitpunkt der Linksetzung die entsprechenden verlinkten Seiten frei vonillegalen Inhalten waren. Der Betreiber hat keinerlei Einfluss auf die aktuelle und zuk\u00c3\u00bcnftige Gestaltung und auf die Inhalte der gelinkten\/verkn\u00c3\u00bcpften Seiten. Deshalb distanziert er sich hiermit ausdr\u00c3\u00bccklich von allen Inhalten aller gelinkten \/ verkn\u00c3\u00bcpften Seiten, die nach der Linksetzung ver\u00c3\u00a4ndert wurden. Diese Feststellung gilt f\u00c3\u00bcr alle innerhalb des eigenen Internetangebotes gesetzten Links und Verweise sowie f\u00c3\u00bcr Fremdeintr\u00c3\u00a4ge in der vom Betreiber eingerichteten G\u00c3\u00a4steb\u00c3\u00bcchern und Diskussionsforen. Die Benutzung der gelinkten \/ verkn\u00fcpften Seiten erfolgt gem\u00e4\u00df den f\u00fcr diese Seiten geltenden Nutzungsbedingungen.<\/p>\n\n\n\n<p>Hr. Hoffmann ist bestrebt, in allen Publikationen die Urheberrechte der verwendeten Grafiken und Texte zu beachten, selbst erstellte Grafiken und Texte zu nutzen oder auf lizenzfreie Grafiken und Texte zur\u00c3\u00bcckzugreifen. Alle innerhalb des Internetangebotes genannten und ggf. durch Dritte gesch\u00c3\u00bctzten Marken- und Warenzeichen unterliegen uneingeschr\u00c3\u00a4nkt den Bestimmungen des jeweils g\u00c3\u00bcltigen Kennzeichenrechts und den Besitzrechten der jeweiligen eingetragenen Eigent\u00c3\u00bcmer.<\/p>\n\n\n\n<p><em>Das Copyright f\u00c3\u00bcr ver\u00c3\u00b6ffentlichte, vom Autor selbst erstellte Objekte bleibt allein bei Hrn. Hoffmann. Eine Vervielf\u00c3\u00a4ltigung oder Verwendung solcher Grafiken und Texte &#8211; insbesondere in anderen elektronischen oder gedruckten Publikationen &#8211; ist anders als zum Zweck der privaten Informationsgewinnung ohne ausdr\u00c3\u00bcckliche Zustimmung des Betreibers nicht gestattet. Entsprechende Anfragen sind an die oben aufgef\u00fchrte Adresse zu richten<\/em><\/p>\n","protected":false},"excerpt":{"rendered":"<p>Die\u00a0Datenschutzerkl\u00e4rung finden Sie hier: https:\/\/de.wordpress.org\/about\/privacy\/ Malteserleite 2492224 Amberg Tel:\u00a009621\/762843E-Mail:\u00a0shelties@t-online.de HAFTUNGSAUSSCHLUSS UND NUTZUNGSBEDINGUNGEN Hr. Hoffmann verwendet die erforderliche Sorgfalt, um die Informationen korrekt und auf dem neuesten Stand zu halten. Alle<\/p>\n<p class=\"more-link\"><a href=\"https:\/\/www.marc-h.de\/?page_id=2\" class=\"readmore\">Weiterlesen&#8230;<span class=\"screen-reader-text\">Impressum und Datenschutzerkl\u00e4rung<\/span><\/a><\/p>\n","protected":false},"author":1,"featured_media":0,"parent":0,"menu_order":0,"comment_status":"closed","ping_status":"open","template":"","meta":{"footnotes":""},"jetpack_sharing_enabled":true,"_links":{"self":[{"href":"https:\/\/www.marc-h.de\/index.php?rest_route=\/wp\/v2\/pages\/2"}],"collection":[{"href":"https:\/\/www.marc-h.de\/index.php?rest_route=\/wp\/v2\/pages"}],"about":[{"href":"https:\/\/www.marc-h.de\/index.php?rest_route=\/wp\/v2\/types\/page"}],"author":[{"embeddable":true,"href":"https:\/\/www.marc-h.de\/index.php?rest_route=\/wp\/v2\/users\/1"}],"replies":[{"embeddable":true,"href":"https:\/\/www.marc-h.de\/index.php?rest_route=%2Fwp%2Fv2%2Fcomments&post=2"}],"version-history":[{"count":4,"href":"https:\/\/www.marc-h.de\/index.php?rest_route=\/wp\/v2\/pages\/2\/revisions"}],"predecessor-version":[{"id":464,"href":"https:\/\/www.marc-h.de\/index.php?rest_route=\/wp\/v2\/pages\/2\/revisions\/464"}],"wp:attachment":[{"href":"https:\/\/www.marc-h.de\/index.php?rest_route=%2Fwp%2Fv2%2Fmedia&parent=2"}],"curies":[{"name":"wp","href":"https:\/\/api.w.org\/{rel}","templated":true}]}}